{"id":14,"date":"2018-01-25T14:10:35","date_gmt":"2018-01-25T13:10:35","guid":{"rendered":"http:\/\/ericbertrand.be\/?page_id=14"},"modified":"2018-02-27T13:23:23","modified_gmt":"2018-02-27T12:23:23","slug":"accueil","status":"publish","type":"page","link":"https:\/\/ericbertrand.be\/","title":{"rendered":"Accueil"},"content":{"rendered":"","protected":false},"excerpt":{"rendered":"","protected":false},"author":1,"featured_media":0,"parent":0,"menu_order":0,"comment_status":"closed","ping_status":"closed","template":"","meta":{"footnotes":""},"class_list":["post-14","page","type-page","status-publish","hentry"],"yoast_head":"<!-- This site is optimized with the Yoast SEO plugin v25.8 - https:\/\/yoast.com\/wordpress\/plugins\/seo\/ -->\n<title>Eric Bertrand - Consultant agr\u00e9\u00e9 RW et conf\u00e9rencier en digitalisation<\/title>\n<meta name=\"description\" content=\"Consultant en informatique et conf\u00e9rencieur en digitalisation, Eric Bertrand vous propose ses services et ses comp\u00e9tences dans l&#039;\u00e9laboration de solutions technologiques et de suivis de projets des TPE, PME, Ind\u00e9pendants et Starters. Contactez-moi via mon site pour plus d&#039;informations\" \/>\n<meta name=\"robots\" content=\"index, follow, max-snippet:-1, max-image-preview:large, max-video-preview:-1\" \/>\n<link rel=\"canonical\" href=\"http:\/\/ericbertrand.be\/\" \/>\n<meta property=\"og:locale\" content=\"fr_FR\" \/>\n<meta property=\"og:type\" content=\"article\" \/>\n<meta property=\"og:title\" content=\"Eric Bertrand - Consultant agr\u00e9\u00e9 RW et conf\u00e9rencier en digitalisation\" \/>\n<meta property=\"og:description\" content=\"Consultant en informatique et conf\u00e9rencieur en digitalisation, Eric Bertrand vous propose ses services et ses comp\u00e9tences dans l&#039;\u00e9laboration de solutions technologiques et de suivis de projets des TPE, PME, Ind\u00e9pendants et Starters. Contactez-moi via mon site pour plus d&#039;informations\" \/>\n<meta property=\"og:url\" content=\"http:\/\/ericbertrand.be\/\" \/>\n<meta property=\"og:site_name\" content=\"Eric Bertrand\" \/>\n<meta property=\"article:modified_time\" content=\"2018-02-27T12:23:23+00:00\" \/>\n<meta name=\"twitter:card\" content=\"summary_large_image\" \/>\n<script type=\"application\/ld+json\" class=\"yoast-schema-graph\">{\"@context\":\"https:\/\/schema.org\",\"@graph\":[{\"@type\":\"WebPage\",\"@id\":\"http:\/\/ericbertrand.be\/\",\"url\":\"http:\/\/ericbertrand.be\/\",\"name\":\"Eric Bertrand - Consultant agr\u00e9\u00e9 RW et conf\u00e9rencier en digitalisation\",\"isPartOf\":{\"@id\":\"http:\/\/ericbertrand.be\/#website\"},\"datePublished\":\"2018-01-25T13:10:35+00:00\",\"dateModified\":\"2018-02-27T12:23:23+00:00\",\"description\":\"Consultant en informatique et conf\u00e9rencieur en digitalisation, Eric Bertrand vous propose ses services et ses comp\u00e9tences dans l'\u00e9laboration de solutions technologiques et de suivis de projets des TPE, PME, Ind\u00e9pendants et Starters. Contactez-moi via mon site pour plus d'informations\",\"breadcrumb\":{\"@id\":\"http:\/\/ericbertrand.be\/#breadcrumb\"},\"inLanguage\":\"fr-FR\",\"potentialAction\":[{\"@type\":\"ReadAction\",\"target\":[\"http:\/\/ericbertrand.be\/\"]}]},{\"@type\":\"BreadcrumbList\",\"@id\":\"http:\/\/ericbertrand.be\/#breadcrumb\",\"itemListElement\":[{\"@type\":\"ListItem\",\"position\":1,\"name\":\"Accueil\",\"item\":\"http:\/\/ericbertrand.be\/\"},{\"@type\":\"ListItem\",\"position\":2,\"name\":\"Accueil\"}]},{\"@type\":\"WebSite\",\"@id\":\"http:\/\/ericbertrand.be\/#website\",\"url\":\"http:\/\/ericbertrand.be\/\",\"name\":\"Eric Bertrand\",\"description\":\"Eric Bertrand : Conf\u00e9rencier, consultant et entrepreneur\",\"publisher\":{\"@id\":\"http:\/\/ericbertrand.be\/#\/schema\/person\/8c1daa4d6236bdf3b9f7e5464718b6a3\"},\"potentialAction\":[{\"@type\":\"SearchAction\",\"target\":{\"@type\":\"EntryPoint\",\"urlTemplate\":\"http:\/\/ericbertrand.be\/?s={search_term_string}\"},\"query-input\":{\"@type\":\"PropertyValueSpecification\",\"valueRequired\":true,\"valueName\":\"search_term_string\"}}],\"inLanguage\":\"fr-FR\"},{\"@type\":[\"Person\",\"Organization\"],\"@id\":\"http:\/\/ericbertrand.be\/#\/schema\/person\/8c1daa4d6236bdf3b9f7e5464718b6a3\",\"name\":\"Eric Bertrand\",\"image\":{\"@type\":\"ImageObject\",\"inLanguage\":\"fr-FR\",\"@id\":\"http:\/\/ericbertrand.be\/#\/schema\/person\/image\/\",\"url\":\"https:\/\/secure.gravatar.com\/avatar\/203e8779cdc232dab7339a0203eb6d2e3c4496c340e5e06a1ddda8999e5215c9?s=96&d=mm&r=g\",\"contentUrl\":\"https:\/\/secure.gravatar.com\/avatar\/203e8779cdc232dab7339a0203eb6d2e3c4496c340e5e06a1ddda8999e5215c9?s=96&d=mm&r=g\",\"caption\":\"Eric Bertrand\"},\"logo\":{\"@id\":\"http:\/\/ericbertrand.be\/#\/schema\/person\/image\/\"},\"description\":\"Informaticien de gestion-ing\u00e9nieur syst\u00e8me-d\u00e9veloppeur Windev-Instrumentiste-automaticien r\u00e9gulateur CEO EB SYS SPRL\"}]}<\/script>\n<!-- \/ Yoast SEO plugin. -->","yoast_head_json":{"title":"Eric Bertrand - Consultant agr\u00e9\u00e9 RW et conf\u00e9rencier en digitalisation","description":"Consultant en informatique et conf\u00e9rencieur en digitalisation, Eric Bertrand vous propose ses services et ses comp\u00e9tences dans l'\u00e9laboration de solutions technologiques et de suivis de projets des TPE, PME, Ind\u00e9pendants et Starters. Contactez-moi via mon site pour plus d'informations","robots":{"index":"index","follow":"follow","max-snippet":"max-snippet:-1","max-image-preview":"max-image-preview:large","max-video-preview":"max-video-preview:-1"},"canonical":"http:\/\/ericbertrand.be\/","og_locale":"fr_FR","og_type":"article","og_title":"Eric Bertrand - Consultant agr\u00e9\u00e9 RW et conf\u00e9rencier en digitalisation","og_description":"Consultant en informatique et conf\u00e9rencieur en digitalisation, Eric Bertrand vous propose ses services et ses comp\u00e9tences dans l'\u00e9laboration de solutions technologiques et de suivis de projets des TPE, PME, Ind\u00e9pendants et Starters. Contactez-moi via mon site pour plus d'informations","og_url":"http:\/\/ericbertrand.be\/","og_site_name":"Eric Bertrand","article_modified_time":"2018-02-27T12:23:23+00:00","twitter_card":"summary_large_image","schema":{"@context":"https:\/\/schema.org","@graph":[{"@type":"WebPage","@id":"http:\/\/ericbertrand.be\/","url":"http:\/\/ericbertrand.be\/","name":"Eric Bertrand - Consultant agr\u00e9\u00e9 RW et conf\u00e9rencier en digitalisation","isPartOf":{"@id":"http:\/\/ericbertrand.be\/#website"},"datePublished":"2018-01-25T13:10:35+00:00","dateModified":"2018-02-27T12:23:23+00:00","description":"Consultant en informatique et conf\u00e9rencieur en digitalisation, Eric Bertrand vous propose ses services et ses comp\u00e9tences dans l'\u00e9laboration de solutions technologiques et de suivis de projets des TPE, PME, Ind\u00e9pendants et Starters. Contactez-moi via mon site pour plus d'informations","breadcrumb":{"@id":"http:\/\/ericbertrand.be\/#breadcrumb"},"inLanguage":"fr-FR","potentialAction":[{"@type":"ReadAction","target":["http:\/\/ericbertrand.be\/"]}]},{"@type":"BreadcrumbList","@id":"http:\/\/ericbertrand.be\/#breadcrumb","itemListElement":[{"@type":"ListItem","position":1,"name":"Accueil","item":"http:\/\/ericbertrand.be\/"},{"@type":"ListItem","position":2,"name":"Accueil"}]},{"@type":"WebSite","@id":"http:\/\/ericbertrand.be\/#website","url":"http:\/\/ericbertrand.be\/","name":"Eric Bertrand","description":"Eric Bertrand : Conf\u00e9rencier, consultant et entrepreneur","publisher":{"@id":"http:\/\/ericbertrand.be\/#\/schema\/person\/8c1daa4d6236bdf3b9f7e5464718b6a3"},"potentialAction":[{"@type":"SearchAction","target":{"@type":"EntryPoint","urlTemplate":"http:\/\/ericbertrand.be\/?s={search_term_string}"},"query-input":{"@type":"PropertyValueSpecification","valueRequired":true,"valueName":"search_term_string"}}],"inLanguage":"fr-FR"},{"@type":["Person","Organization"],"@id":"http:\/\/ericbertrand.be\/#\/schema\/person\/8c1daa4d6236bdf3b9f7e5464718b6a3","name":"Eric Bertrand","image":{"@type":"ImageObject","inLanguage":"fr-FR","@id":"http:\/\/ericbertrand.be\/#\/schema\/person\/image\/","url":"https:\/\/secure.gravatar.com\/avatar\/203e8779cdc232dab7339a0203eb6d2e3c4496c340e5e06a1ddda8999e5215c9?s=96&d=mm&r=g","contentUrl":"https:\/\/secure.gravatar.com\/avatar\/203e8779cdc232dab7339a0203eb6d2e3c4496c340e5e06a1ddda8999e5215c9?s=96&d=mm&r=g","caption":"Eric Bertrand"},"logo":{"@id":"http:\/\/ericbertrand.be\/#\/schema\/person\/image\/"},"description":"Informaticien de gestion-ing\u00e9nieur syst\u00e8me-d\u00e9veloppeur Windev-Instrumentiste-automaticien r\u00e9gulateur CEO EB SYS SPRL"}]}},"_links":{"self":[{"href":"https:\/\/ericbertrand.be\/index.php\/wp-json\/wp\/v2\/pages\/14","targetHints":{"allow":["GET"]}}],"collection":[{"href":"https:\/\/ericbertrand.be\/index.php\/wp-json\/wp\/v2\/pages"}],"about":[{"href":"https:\/\/ericbertrand.be\/index.php\/wp-json\/wp\/v2\/types\/page"}],"author":[{"embeddable":true,"href":"https:\/\/ericbertrand.be\/index.php\/wp-json\/wp\/v2\/users\/1"}],"replies":[{"embeddable":true,"href":"https:\/\/ericbertrand.be\/index.php\/wp-json\/wp\/v2\/comments?post=14"}],"version-history":[{"count":5,"href":"https:\/\/ericbertrand.be\/index.php\/wp-json\/wp\/v2\/pages\/14\/revisions"}],"predecessor-version":[{"id":304,"href":"https:\/\/ericbertrand.be\/index.php\/wp-json\/wp\/v2\/pages\/14\/revisions\/304"}],"wp:attachment":[{"href":"https:\/\/ericbertrand.be\/index.php\/wp-json\/wp\/v2\/media?parent=14"}],"curies":[{"name":"wp","href":"https:\/\/api.w.org\/{rel}","templated":true}]}}